{"id":11096,"date":"2022-05-16T06:15:05","date_gmt":"2022-05-16T03:15:05","guid":{"rendered":"https:\/\/www.trendstonebrick.com\/derz-dolgu-malzemesi\/"},"modified":"2025-02-10T03:55:48","modified_gmt":"2025-02-10T00:55:48","slug":"joint-and-filling-material","status":"publish","type":"page","link":"https:\/\/www.trendstonebrick.com\/en\/joint-and-filling-material\/","title":{"rendered":"Joint and Filling Material"},"content":{"rendered":"\n  <div id=\"page-header-1224585170\" class=\"page-header-wrapper\">\n  <div class=\"page-title iletisim dark featured-title\">\n\n        <div class=\"page-title-bg\">\n      <div class=\"title-bg fill bg-fill\"\n        data-parallax-container=\".page-title\"\n        data-parallax-background\n        data-parallax=\"-\">\n      <\/div>\n      <div class=\"title-overlay fill\"><\/div>\n    <\/div>\n    \n    <div class=\"page-title-inner container align-bottom flex-row medium-flex-wrap\" >\n              <div class=\"title-wrapper uppercase flex-col text-left medium-text-center\">\n          <h1 class=\"entry-title mb-0\">\n            Uygulama \u00dcr\u00fcnleri          <\/h1>\n        <\/div>\n                <div class=\"page-title-sub op-7 flex-col ml medium-text-center\">\n          <p class=\"lead\">Her an do\u011fan\u0131n g\u00fczelli\u011fini ve uyumunu g\u00f6zlemleyen tasar\u0131mc\u0131lar\u0131m\u0131z, bu tecr\u00fcbelerini Trend kalitesi ile sunuyor. Do\u011fadan \u00f6zenle se\u00e7ilmi\u015f doku ve renk se\u00e7enekleri ile her t\u00fcrden mekan\u0131 ya\u015fayan bir alana \u00e7evirebilirsiniz.<\/p>\n        <\/div>\n                    <div class=\"title-content flex-col flex-right text-right medium-text-center\">\n        <ul class=\"nav sm-touch-scroll nav-simple nav-uppercase text-left nav-left\"><li class=\"nav-single-page hidden\"><\/li><\/ul>      <\/div>\n    <\/div>\n\n     \n<style>\n#page-header-1224585170 .page-title-inner {\n  min-height: 280px;\n}\n#page-header-1224585170 .title-bg {\n  background-image: url(https:\/\/www.trendstonebrick.com\/wp-content\/uploads\/2022\/05\/dekoratif-tas-tugla-yardimci-uygulama-urunleri.webp);\n  background-position: 53% 52%;\n}\n#page-header-1224585170 .title-overlay {\n  background-color: rgba(0,0,0,.5);\n}\n<\/style>\n  <\/div>\n    <\/div>\n  \n\n  <div id=\"page-header-1373233831\" class=\"page-header-wrapper\">\n  <div class=\"page-title dark featured-title\">\n\n    \n    <div class=\"page-title-inner container align-center flex-row medium-flex-wrap row-reverse\" >\n            <div class=\"title-content flex-col flex-left text-left medium-text-center\">\n        <div class=\"title-breadcrumbs pb-half pt-half\"><\/div>      <\/div>\n    <\/div>\n\n     \n<style>\n#page-header-1373233831 .page-title-inner {\n  min-height: 36px;\n}\n#page-header-1373233831 .title-overlay {\n  background-color: rgb(222, 226, 230);\n}\n<\/style>\n  <\/div>\n    <\/div>\n  \n\n\t<div id=\"gap-1550361358\" class=\"gap-element clearfix\" style=\"display:block; height:auto;\">\n\t\t\n<style>\n#gap-1550361358 {\n  padding-top: 70px;\n}\n<\/style>\n\t<\/div>\n\t\n\n<div class=\"row row-collapse\"  id=\"row-919368766\">\n\n\n\t<div id=\"col-1042337932\" class=\"col medium-2 small-6 large-2\"  >\n\t\t<div class=\"col-inner\"  >\n\t\t\t\n\t\t\t\n\n\t<div class=\"box has-hover   has-hover box-shadow-2 box-shadow-4-hover box-text-bottom\" >\n\n\t\t<div class=\"box-image\" >\n\t\t\t\t\t\t<div class=\"\" >\n\t\t\t\t<img loading=\"lazy\" decoding=\"async\" width=\"1200\" height=\"1200\" src=\"https:\/\/www.trendstonebrick.com\/wp-content\/uploads\/2024\/08\/kirmizi-derz-dolgu.webp\" class=\"attachment-original size-original\" alt=\"\" srcset=\"https:\/\/www.trendstonebrick.com\/wp-content\/uploads\/2024\/08\/kirmizi-derz-dolgu.webp 1200w, https:\/\/www.trendstonebrick.com\/wp-content\/uploads\/2024\/08\/kirmizi-derz-dolgu-400x400.webp 400w, https:\/\/www.trendstonebrick.com\/wp-content\/uploads\/2024\/08\/kirmizi-derz-dolgu-800x800.webp 800w, https:\/\/www.trendstonebrick.com\/wp-content\/uploads\/2024\/08\/kirmizi-derz-dolgu-280x280.webp 280w, https:\/\/www.trendstonebrick.com\/wp-content\/uploads\/2024\/08\/kirmizi-derz-dolgu-768x768.webp 768w\" sizes=\"auto, (max-width: 1200px) 100vw, 1200px\">\t\t\t\t\t\t\t\t\t\t\t<\/div>\n\t\t\t\t\t<\/div>\n\n\t\t<div class=\"box-text show-on-hover hover-bounce text-center\" >\n\t\t\t<div class=\"box-text-inner\">\n\t\t\t\t\n\n\t<div id=\"text-1806905940\" class=\"text uruncizgi\">\n\t\t\n\n<h4>Red Grout<\/h4><p>Filling Material<\/p>\n\t\t\n<style>\n#text-1806905940 {\n  text-align: center;\n}\n<\/style>\n\t<\/div>\n\t\n\n\t\t\t<\/div>\n\t\t<\/div>\n\t<\/div>\n\t\n\n\t\t<\/div>\n\t\t\t<\/div>\n\n\t\n\n\t<div id=\"col-1006591866\" class=\"col medium-2 small-6 large-2\"  >\n\t\t<div class=\"col-inner\"  >\n\t\t\t\n\t\t\t\n\n\t<div class=\"box has-hover   has-hover box-shadow-2 box-shadow-4-hover box-text-bottom\" >\n\n\t\t<div class=\"box-image\" >\n\t\t\t\t\t\t<div class=\"\" >\n\t\t\t\t<img loading=\"lazy\" decoding=\"async\" width=\"1200\" height=\"1200\" src=\"https:\/\/www.trendstonebrick.com\/wp-content\/uploads\/2024\/08\/antrasit-derz-dolgu.webp\" class=\"attachment-original size-original\" alt=\"\" srcset=\"https:\/\/www.trendstonebrick.com\/wp-content\/uploads\/2024\/08\/antrasit-derz-dolgu.webp 1200w, https:\/\/www.trendstonebrick.com\/wp-content\/uploads\/2024\/08\/antrasit-derz-dolgu-400x400.webp 400w, https:\/\/www.trendstonebrick.com\/wp-content\/uploads\/2024\/08\/antrasit-derz-dolgu-800x800.webp 800w, https:\/\/www.trendstonebrick.com\/wp-content\/uploads\/2024\/08\/antrasit-derz-dolgu-280x280.webp 280w, https:\/\/www.trendstonebrick.com\/wp-content\/uploads\/2024\/08\/antrasit-derz-dolgu-768x768.webp 768w\" sizes=\"auto, (max-width: 1200px) 100vw, 1200px\">\t\t\t\t\t\t\t\t\t\t\t<\/div>\n\t\t\t\t\t<\/div>\n\n\t\t<div class=\"box-text show-on-hover hover-bounce text-center\" >\n\t\t\t<div class=\"box-text-inner\">\n\t\t\t\t\n\n\t<div id=\"text-2457676333\" class=\"text uruncizgi\">\n\t\t\n\n<h4>Anthracite Grout<\/h4><p>Filling Material<\/p>\n\t\t\n<style>\n#text-2457676333 {\n  text-align: center;\n}\n<\/style>\n\t<\/div>\n\t\n\n\t\t\t<\/div>\n\t\t<\/div>\n\t<\/div>\n\t\n\n\t\t<\/div>\n\t\t\t<\/div>\n\n\t\n\n\t<div id=\"col-1666890193\" class=\"col medium-2 small-6 large-2\"  >\n\t\t<div class=\"col-inner\"  >\n\t\t\t\n\t\t\t\n\n\t<div class=\"box has-hover   has-hover box-shadow-2 box-shadow-4-hover box-text-bottom\" >\n\n\t\t<div class=\"box-image\" >\n\t\t\t\t\t\t<div class=\"\" >\n\t\t\t\t<img loading=\"lazy\" decoding=\"async\" width=\"1200\" height=\"1200\" src=\"https:\/\/www.trendstonebrick.com\/wp-content\/uploads\/2024\/08\/kahve-derz-dolgu.webp\" class=\"attachment-original size-original\" alt=\"\" srcset=\"https:\/\/www.trendstonebrick.com\/wp-content\/uploads\/2024\/08\/kahve-derz-dolgu.webp 1200w, https:\/\/www.trendstonebrick.com\/wp-content\/uploads\/2024\/08\/kahve-derz-dolgu-400x400.webp 400w, https:\/\/www.trendstonebrick.com\/wp-content\/uploads\/2024\/08\/kahve-derz-dolgu-800x800.webp 800w, https:\/\/www.trendstonebrick.com\/wp-content\/uploads\/2024\/08\/kahve-derz-dolgu-280x280.webp 280w, https:\/\/www.trendstonebrick.com\/wp-content\/uploads\/2024\/08\/kahve-derz-dolgu-768x768.webp 768w\" sizes=\"auto, (max-width: 1200px) 100vw, 1200px\">\t\t\t\t\t\t\t\t\t\t\t<\/div>\n\t\t\t\t\t<\/div>\n\n\t\t<div class=\"box-text show-on-hover hover-bounce text-center\" >\n\t\t\t<div class=\"box-text-inner\">\n\t\t\t\t\n\n\t<div id=\"text-3327994400\" class=\"text uruncizgi\">\n\t\t\n\n<h4>Coffee Grouting<\/h4><p>Filling Material<\/p>\n\t\t\n<style>\n#text-3327994400 {\n  text-align: center;\n}\n<\/style>\n\t<\/div>\n\t\n\n\t\t\t<\/div>\n\t\t<\/div>\n\t<\/div>\n\t\n\n\t\t<\/div>\n\t\t\t<\/div>\n\n\t\n\n\t<div id=\"col-1426896485\" class=\"col medium-2 small-6 large-2\"  >\n\t\t<div class=\"col-inner\"  >\n\t\t\t\n\t\t\t\n\n\t<div class=\"box has-hover   has-hover box-shadow-2 box-shadow-4-hover box-text-bottom\" >\n\n\t\t<div class=\"box-image\" >\n\t\t\t\t\t\t<div class=\"\" >\n\t\t\t\t<img loading=\"lazy\" decoding=\"async\" width=\"1200\" height=\"1200\" src=\"https:\/\/www.trendstonebrick.com\/wp-content\/uploads\/2024\/08\/siyah-derz-dolgu.webp\" class=\"attachment-original size-original\" alt=\"\" srcset=\"https:\/\/www.trendstonebrick.com\/wp-content\/uploads\/2024\/08\/siyah-derz-dolgu.webp 1200w, https:\/\/www.trendstonebrick.com\/wp-content\/uploads\/2024\/08\/siyah-derz-dolgu-400x400.webp 400w, https:\/\/www.trendstonebrick.com\/wp-content\/uploads\/2024\/08\/siyah-derz-dolgu-800x800.webp 800w, https:\/\/www.trendstonebrick.com\/wp-content\/uploads\/2024\/08\/siyah-derz-dolgu-280x280.webp 280w, https:\/\/www.trendstonebrick.com\/wp-content\/uploads\/2024\/08\/siyah-derz-dolgu-768x768.webp 768w\" sizes=\"auto, (max-width: 1200px) 100vw, 1200px\">\t\t\t\t\t\t\t\t\t\t\t<\/div>\n\t\t\t\t\t<\/div>\n\n\t\t<div class=\"box-text show-on-hover hover-bounce text-center\" >\n\t\t\t<div class=\"box-text-inner\">\n\t\t\t\t\n\n\t<div id=\"text-746089134\" class=\"text uruncizgi\">\n\t\t\n\n<h4>Black Grout<\/h4><p>Filling Material<\/p>\n\t\t\n<style>\n#text-746089134 {\n  text-align: center;\n}\n<\/style>\n\t<\/div>\n\t\n\n\t\t\t<\/div>\n\t\t<\/div>\n\t<\/div>\n\t\n\n\t\t<\/div>\n\t\t\t<\/div>\n\n\t\n\n\t<div id=\"col-508153531\" class=\"col medium-2 small-6 large-2\"  >\n\t\t<div class=\"col-inner\"  >\n\t\t\t\n\t\t\t\n\n\t<div class=\"box has-hover   has-hover box-shadow-2 box-shadow-4-hover box-text-bottom\" >\n\n\t\t<div class=\"box-image\" >\n\t\t\t\t\t\t<div class=\"\" >\n\t\t\t\t<img loading=\"lazy\" decoding=\"async\" width=\"1200\" height=\"1200\" src=\"https:\/\/www.trendstonebrick.com\/wp-content\/uploads\/2024\/08\/bej-derz-dolgu.webp\" class=\"attachment-original size-original\" alt=\"\" srcset=\"https:\/\/www.trendstonebrick.com\/wp-content\/uploads\/2024\/08\/bej-derz-dolgu.webp 1200w, https:\/\/www.trendstonebrick.com\/wp-content\/uploads\/2024\/08\/bej-derz-dolgu-400x400.webp 400w, https:\/\/www.trendstonebrick.com\/wp-content\/uploads\/2024\/08\/bej-derz-dolgu-800x800.webp 800w, https:\/\/www.trendstonebrick.com\/wp-content\/uploads\/2024\/08\/bej-derz-dolgu-280x280.webp 280w, https:\/\/www.trendstonebrick.com\/wp-content\/uploads\/2024\/08\/bej-derz-dolgu-768x768.webp 768w\" sizes=\"auto, (max-width: 1200px) 100vw, 1200px\">\t\t\t\t\t\t\t\t\t\t\t<\/div>\n\t\t\t\t\t<\/div>\n\n\t\t<div class=\"box-text show-on-hover hover-bounce text-center\" >\n\t\t\t<div class=\"box-text-inner\">\n\t\t\t\t\n\n\t<div id=\"text-2704933986\" class=\"text uruncizgi\">\n\t\t\n\n<h4>Beige Grout<\/h4><p>Filling Material<\/p>\n\t\t\n<style>\n#text-2704933986 {\n  text-align: center;\n}\n<\/style>\n\t<\/div>\n\t\n\n\t\t\t<\/div>\n\t\t<\/div>\n\t<\/div>\n\t\n\n\t\t<\/div>\n\t\t\t<\/div>\n\n\t\n\n\t<div id=\"col-573312798\" class=\"col medium-2 small-6 large-2\"  >\n\t\t<div class=\"col-inner\"  >\n\t\t\t\n\t\t\t\n\n\t<div class=\"box has-hover   has-hover box-shadow-2 box-shadow-4-hover box-text-bottom\" >\n\n\t\t<div class=\"box-image\" >\n\t\t\t\t\t\t<div class=\"\" >\n\t\t\t\t<img loading=\"lazy\" decoding=\"async\" width=\"1200\" height=\"1200\" src=\"https:\/\/www.trendstonebrick.com\/wp-content\/uploads\/2024\/08\/beyaz-derz-dolgu.webp\" class=\"attachment-original size-original\" alt=\"\" srcset=\"https:\/\/www.trendstonebrick.com\/wp-content\/uploads\/2024\/08\/beyaz-derz-dolgu.webp 1200w, https:\/\/www.trendstonebrick.com\/wp-content\/uploads\/2024\/08\/beyaz-derz-dolgu-400x400.webp 400w, https:\/\/www.trendstonebrick.com\/wp-content\/uploads\/2024\/08\/beyaz-derz-dolgu-800x800.webp 800w, https:\/\/www.trendstonebrick.com\/wp-content\/uploads\/2024\/08\/beyaz-derz-dolgu-280x280.webp 280w, https:\/\/www.trendstonebrick.com\/wp-content\/uploads\/2024\/08\/beyaz-derz-dolgu-768x768.webp 768w\" sizes=\"auto, (max-width: 1200px) 100vw, 1200px\">\t\t\t\t\t\t\t\t\t\t\t<\/div>\n\t\t\t\t\t<\/div>\n\n\t\t<div class=\"box-text show-on-hover hover-bounce text-center\" >\n\t\t\t<div class=\"box-text-inner\">\n\t\t\t\t\n\n\t<div id=\"text-1380287019\" class=\"text uruncizgi\">\n\t\t\n\n<h4>White Grout<\/h4><p>Filling Material<\/p>\n\t\t\n<style>\n#text-1380287019 {\n  text-align: center;\n}\n<\/style>\n\t<\/div>\n\t\n\n\t\t\t<\/div>\n\t\t<\/div>\n\t<\/div>\n\t\n\n\t\t<\/div>\n\t\t\t<\/div>\n\n\t\n\n\t<div id=\"col-1966849014\" class=\"col medium-2 small-6 large-2\"  >\n\t\t<div class=\"col-inner\"  >\n\t\t\t\n\t\t\t\n\n\t<div class=\"box has-hover   has-hover box-shadow-2 box-shadow-4-hover box-text-bottom\" >\n\n\t\t<div class=\"box-image\" >\n\t\t\t\t\t\t<div class=\"\" >\n\t\t\t\t<img loading=\"lazy\" decoding=\"async\" width=\"1200\" height=\"1200\" src=\"https:\/\/www.trendstonebrick.com\/wp-content\/uploads\/2024\/08\/gri-derz-dolgu.webp\" class=\"attachment-original size-original\" alt=\"\" srcset=\"https:\/\/www.trendstonebrick.com\/wp-content\/uploads\/2024\/08\/gri-derz-dolgu.webp 1200w, https:\/\/www.trendstonebrick.com\/wp-content\/uploads\/2024\/08\/gri-derz-dolgu-400x400.webp 400w, https:\/\/www.trendstonebrick.com\/wp-content\/uploads\/2024\/08\/gri-derz-dolgu-800x800.webp 800w, https:\/\/www.trendstonebrick.com\/wp-content\/uploads\/2024\/08\/gri-derz-dolgu-280x280.webp 280w, https:\/\/www.trendstonebrick.com\/wp-content\/uploads\/2024\/08\/gri-derz-dolgu-768x768.webp 768w\" sizes=\"auto, (max-width: 1200px) 100vw, 1200px\">\t\t\t\t\t\t\t\t\t\t\t<\/div>\n\t\t\t\t\t<\/div>\n\n\t\t<div class=\"box-text show-on-hover hover-bounce text-center\" >\n\t\t\t<div class=\"box-text-inner\">\n\t\t\t\t\n\n\t<div id=\"text-1880769447\" class=\"text uruncizgi\">\n\t\t\n\n<h4>Grey Grout<\/h4><p>Filling Material<\/p>\n\t\t\n<style>\n#text-1880769447 {\n  text-align: center;\n}\n<\/style>\n\t<\/div>\n\t\n\n\t\t\t<\/div>\n\t\t<\/div>\n\t<\/div>\n\t\n\n\t\t<\/div>\n\t\t\t<\/div>\n\n\t\n\n\t<div id=\"col-398211089\" class=\"col medium-2 small-6 large-2\"  >\n\t\t<div class=\"col-inner\"  >\n\t\t\t\n\t\t\t\n\n\t<div class=\"box has-hover   has-hover box-shadow-2 box-shadow-4-hover box-text-bottom\" >\n\n\t\t<div class=\"box-image\" >\n\t\t\t\t\t\t<div class=\"\" >\n\t\t\t\t<img loading=\"lazy\" decoding=\"async\" width=\"1200\" height=\"1200\" src=\"https:\/\/www.trendstonebrick.com\/wp-content\/uploads\/2024\/08\/gri-yapistirici.webp\" class=\"attachment-original size-original\" alt=\"\" srcset=\"https:\/\/www.trendstonebrick.com\/wp-content\/uploads\/2024\/08\/gri-yapistirici.webp 1200w, https:\/\/www.trendstonebrick.com\/wp-content\/uploads\/2024\/08\/gri-yapistirici-400x400.webp 400w, https:\/\/www.trendstonebrick.com\/wp-content\/uploads\/2024\/08\/gri-yapistirici-800x800.webp 800w, https:\/\/www.trendstonebrick.com\/wp-content\/uploads\/2024\/08\/gri-yapistirici-280x280.webp 280w, https:\/\/www.trendstonebrick.com\/wp-content\/uploads\/2024\/08\/gri-yapistirici-768x768.webp 768w\" sizes=\"auto, (max-width: 1200px) 100vw, 1200px\">\t\t\t\t\t\t\t\t\t\t\t<\/div>\n\t\t\t\t\t<\/div>\n\n\t\t<div class=\"box-text show-on-hover hover-bounce text-center\" >\n\t\t\t<div class=\"box-text-inner\">\n\t\t\t\t\n\n\t<div id=\"text-652776588\" class=\"text uruncizgi\">\n\t\t\n\n<h4>Grey Glue<\/h4><p>Adhesive Material<\/p>\n\t\t\n<style>\n#text-652776588 {\n  text-align: center;\n}\n<\/style>\n\t<\/div>\n\t\n\n\t\t\t<\/div>\n\t\t<\/div>\n\t<\/div>\n\t\n\n\t\t<\/div>\n\t\t\t<\/div>\n\n\t\n\n\t<div id=\"col-542936925\" class=\"col medium-2 small-6 large-2\"  >\n\t\t<div class=\"col-inner\"  >\n\t\t\t\n\t\t\t\n\n\t<div class=\"box has-hover   has-hover box-shadow-2 box-shadow-4-hover box-text-bottom\" >\n\n\t\t<div class=\"box-image\" >\n\t\t\t\t\t\t<div class=\"\" >\n\t\t\t\t<img loading=\"lazy\" decoding=\"async\" width=\"1200\" height=\"1200\" src=\"https:\/\/www.trendstonebrick.com\/wp-content\/uploads\/2024\/08\/beyaz-yapistirici.webp\" class=\"attachment-original size-original\" alt=\"\" srcset=\"https:\/\/www.trendstonebrick.com\/wp-content\/uploads\/2024\/08\/beyaz-yapistirici.webp 1200w, https:\/\/www.trendstonebrick.com\/wp-content\/uploads\/2024\/08\/beyaz-yapistirici-400x400.webp 400w, https:\/\/www.trendstonebrick.com\/wp-content\/uploads\/2024\/08\/beyaz-yapistirici-800x800.webp 800w, https:\/\/www.trendstonebrick.com\/wp-content\/uploads\/2024\/08\/beyaz-yapistirici-280x280.webp 280w, https:\/\/www.trendstonebrick.com\/wp-content\/uploads\/2024\/08\/beyaz-yapistirici-768x768.webp 768w\" sizes=\"auto, (max-width: 1200px) 100vw, 1200px\">\t\t\t\t\t\t\t\t\t\t\t<\/div>\n\t\t\t\t\t<\/div>\n\n\t\t<div class=\"box-text show-on-hover hover-bounce text-center\" >\n\t\t\t<div class=\"box-text-inner\">\n\t\t\t\t\n\n\t<div id=\"text-426797181\" class=\"text uruncizgi\">\n\t\t\n\n<h4>White Glue<\/h4><p>Adhesive Material<\/p>\n\t\t\n<style>\n#text-426797181 {\n  text-align: center;\n}\n<\/style>\n\t<\/div>\n\t\n\n\t\t\t<\/div>\n\t\t<\/div>\n\t<\/div>\n\t\n\n\t\t<\/div>\n\t\t\t<\/div>\n\n\t\n\n\t<div id=\"col-989574582\" class=\"col medium-2 small-6 large-2\"  >\n\t\t<div class=\"col-inner\"  >\n\t\t\t\n\t\t\t\n\n\t<div class=\"box has-hover   has-hover box-shadow-2 box-shadow-4-hover box-text-bottom\" >\n\n\t\t<div class=\"box-image\" >\n\t\t\t\t\t\t<div class=\"\" >\n\t\t\t\t<img loading=\"lazy\" decoding=\"async\" width=\"1200\" height=\"1200\" src=\"https:\/\/www.trendstonebrick.com\/wp-content\/uploads\/2024\/08\/yuzey-su-itici-1.webp\" class=\"attachment-original size-original\" alt=\"\" srcset=\"https:\/\/www.trendstonebrick.com\/wp-content\/uploads\/2024\/08\/yuzey-su-itici-1.webp 1200w, https:\/\/www.trendstonebrick.com\/wp-content\/uploads\/2024\/08\/yuzey-su-itici-1-400x400.webp 400w, https:\/\/www.trendstonebrick.com\/wp-content\/uploads\/2024\/08\/yuzey-su-itici-1-800x800.webp 800w, https:\/\/www.trendstonebrick.com\/wp-content\/uploads\/2024\/08\/yuzey-su-itici-1-280x280.webp 280w, https:\/\/www.trendstonebrick.com\/wp-content\/uploads\/2024\/08\/yuzey-su-itici-1-768x768.webp 768w\" sizes=\"auto, (max-width: 1200px) 100vw, 1200px\">\t\t\t\t\t\t\t\t\t\t\t<\/div>\n\t\t\t\t\t<\/div>\n\n\t\t<div class=\"box-text show-on-hover hover-bounce text-center\" >\n\t\t\t<div class=\"box-text-inner\">\n\t\t\t\t\n\n\t<div id=\"text-525133231\" class=\"text uruncizgi\">\n\t\t\n\n<h4>Surface Water Repellent<\/h4><p>Protection Material<\/p>\n\t\t\n<style>\n#text-525133231 {\n  text-align: center;\n}\n<\/style>\n\t<\/div>\n\t\n\n\t\t\t<\/div>\n\t\t<\/div>\n\t<\/div>\n\t\n\n\t\t<\/div>\n\t\t\t<\/div>\n\n\t\n\n\t<div id=\"col-1285999639\" class=\"col medium-2 small-6 large-2\"  >\n\t\t<div class=\"col-inner\"  >\n\t\t\t\n\t\t\t\n\n\n\t\t<\/div>\n\t\t\t<\/div>\n\n\t\n\n\t<div id=\"col-601761098\" class=\"col medium-2 small-6 large-2\"  >\n\t\t<div class=\"col-inner\"  >\n\t\t\t\n\t\t\t\n\n\n\t\t<\/div>\n\t\t\t<\/div>\n\n\t\n\n\n<style>\n#row-919368766 > .col > .col-inner {\n  padding: 10px 10px 10px 10px;\n}\n<\/style>\n<\/div>\n\t<div id=\"gap-467914951\" class=\"gap-element clearfix\" style=\"display:block; height:auto;\">\n\t\t\n<style>\n#gap-467914951 {\n  padding-top: 40px;\n}\n<\/style>\n\t<\/div>\n\t\n\n\n","protected":false},"excerpt":{"rendered":"","protected":false},"author":4,"featured_media":0,"parent":0,"menu_order":0,"comment_status":"closed","ping_status":"closed","template":"page-blank.php","meta":{"footnotes":""},"class_list":["post-11096","page","type-page","status-publish","hentry"],"_links":{"self":[{"href":"https:\/\/www.trendstonebrick.com\/en\/wp-json\/wp\/v2\/pages\/11096","targetHints":{"allow":["GET"]}}],"collection":[{"href":"https:\/\/www.trendstonebrick.com\/en\/wp-json\/wp\/v2\/pages"}],"about":[{"href":"https:\/\/www.trendstonebrick.com\/en\/wp-json\/wp\/v2\/types\/page"}],"author":[{"embeddable":true,"href":"https:\/\/www.trendstonebrick.com\/en\/wp-json\/wp\/v2\/users\/4"}],"replies":[{"embeddable":true,"href":"https:\/\/www.trendstonebrick.com\/en\/wp-json\/wp\/v2\/comments?post=11096"}],"version-history":[{"count":3,"href":"https:\/\/www.trendstonebrick.com\/en\/wp-json\/wp\/v2\/pages\/11096\/revisions"}],"predecessor-version":[{"id":11101,"href":"https:\/\/www.trendstonebrick.com\/en\/wp-json\/wp\/v2\/pages\/11096\/revisions\/11101"}],"wp:attachment":[{"href":"https:\/\/www.trendstonebrick.com\/en\/wp-json\/wp\/v2\/media?parent=11096"}],"curies":[{"name":"wp","href":"https:\/\/api.w.org\/{rel}","templated":true}]}}