{"id":11147,"date":"2022-05-16T06:35:31","date_gmt":"2022-05-16T03:35:31","guid":{"rendered":"https:\/\/www.trendstonebrick.com\/tamamlayici-urunler\/"},"modified":"2025-03-12T01:48:02","modified_gmt":"2025-03-11T22:48:02","slug":"supplementary-products","status":"publish","type":"page","link":"https:\/\/www.trendstonebrick.com\/en\/supplementary-products\/","title":{"rendered":"Supplementary Products"},"content":{"rendered":"\n  <div id=\"page-header-29708118\" class=\"page-header-wrapper\">\n  <div class=\"page-title iletisim dark featured-title\">\n\n        <div class=\"page-title-bg\">\n      <div class=\"title-bg fill bg-fill\"\n        data-parallax-container=\".page-title\"\n        data-parallax-background\n        data-parallax=\"-\">\n      <\/div>\n      <div class=\"title-overlay fill\"><\/div>\n    <\/div>\n    \n    <div class=\"page-title-inner container align-bottom flex-row medium-flex-wrap\" >\n              <div class=\"title-wrapper uppercase flex-col text-left medium-text-center\">\n          <h1 class=\"entry-title mb-0\">\n            Supplementary Products          <\/h1>\n        <\/div>\n                <div class=\"page-title-sub op-7 flex-col ml medium-text-center\">\n          <p class=\"lead\">Our designers, who constantly observe the beauty and harmony of nature, present their experiences with Trend quality. You can turn any type of space into a living space with carefully selected texture and color options from nature.<\/p>\n        <\/div>\n                    <div class=\"title-content flex-col flex-right text-right medium-text-center\">\n        <ul class=\"nav sm-touch-scroll nav-simple nav-uppercase text-left nav-left\"><li class=\"nav-single-page hidden\"><\/li><\/ul>      <\/div>\n    <\/div>\n\n     \n<style>\n#page-header-29708118 .page-title-inner {\n  min-height: 280px;\n}\n#page-header-29708118 .title-bg {\n  background-image: url(https:\/\/www.trendstonebrick.com\/wp-content\/uploads\/2022\/05\/dekoratif-kulturt-tasi-tuglasi-kose-tasi-modelleri.webp);\n  background-position: 56% 100%;\n}\n#page-header-29708118 .title-overlay {\n  background-color: rgba(0,0,0,.5);\n}\n<\/style>\n  <\/div>\n    <\/div>\n  \r\n\r\n  <div id=\"page-header-1695046878\" class=\"page-header-wrapper\">\n  <div class=\"page-title dark featured-title\">\n\n    \n    <div class=\"page-title-inner container align-center flex-row medium-flex-wrap row-reverse\" >\n            <div class=\"title-content flex-col flex-left text-left medium-text-center\">\n        <div class=\"title-breadcrumbs pb-half pt-half\"><\/div>      <\/div>\n    <\/div>\n\n     \n<style>\n#page-header-1695046878 .page-title-inner {\n  min-height: 36px;\n}\n#page-header-1695046878 .title-overlay {\n  background-color: rgb(222, 226, 230);\n}\n<\/style>\n  <\/div>\n    <\/div>\n  \n\n\t<div id=\"gap-870981277\" class=\"gap-element clearfix\" style=\"display:block; height:auto;\">\n\t\t\n<style>\n#gap-870981277 {\n  padding-top: 70px;\n}\n<\/style>\n\t<\/div>\n\t\n\n<div class=\"row row-collapse\"  id=\"row-398593581\">\n\n\n\t<div id=\"col-782892032\" class=\"col medium-2 small-6 large-2\"  >\n\t\t<div class=\"col-inner\"  >\n\t\t\t\n\t\t\t\n\n\t<div class=\"box has-hover   has-hover box-text-bottom\" >\n\n\t\t<div class=\"box-image\" >\n\t\t\t\t\t\t<div class=\"\" >\n\t\t\t\t<img loading=\"lazy\" decoding=\"async\" width=\"510\" height=\"600\" src=\"https:\/\/www.trendstonebrick.com\/wp-content\/uploads\/2022\/05\/mukemmel-kose-tasi.webp\" class=\"attachment-original size-original\" alt=\"\" srcset=\"https:\/\/www.trendstonebrick.com\/wp-content\/uploads\/2022\/05\/mukemmel-kose-tasi.webp 510w, https:\/\/www.trendstonebrick.com\/wp-content\/uploads\/2022\/05\/mukemmel-kose-tasi-340x400.webp 340w\" sizes=\"auto, (max-width: 510px) 100vw, 510px\">\t\t\t\t\t\t\t\t\t\t\t<\/div>\n\t\t\t\t\t<\/div>\n\n\t\t<div class=\"box-text show-on-hover hover-bounce text-center\" >\n\t\t\t<div class=\"box-text-inner\">\n\t\t\t\t\n\n\t<div id=\"text-2955301815\" class=\"text uruncizgi\">\n\t\t\n\n<h4>K\u00f6\u015fe Ta\u015f\u0131<\/h4><p>Birle\u015fim Yerleri \u0130\u00e7in<\/p>\n\t\t\t<\/div>\n\t\n\n\t\t\t<\/div>\n\t\t<\/div>\n\t<\/div>\n\t\n\n\t\t<\/div>\n\t\t\t<\/div>\n\n\t\n\n\t<div id=\"col-169922044\" class=\"col medium-2 small-6 large-2\"  >\n\t\t<div class=\"col-inner\"  >\n\t\t\t\n\t\t\t\n\n\n\t\t<\/div>\n\t\t\t<\/div>\n\n\t\n\n\t<div id=\"col-1561029867\" class=\"col medium-2 small-6 large-2\"  >\n\t\t<div class=\"col-inner\"  >\n\t\t\t\n\t\t\t\n\n\n\t\t<\/div>\n\t\t\t<\/div>\n\n\t\n\n\t<div id=\"col-1293392525\" class=\"col medium-2 small-6 large-2\"  >\n\t\t<div class=\"col-inner\"  >\n\t\t\t\n\t\t\t\n\n\n\t\t<\/div>\n\t\t\t<\/div>\n\n\t\n\n\t<div id=\"col-1711979780\" class=\"col medium-2 small-6 large-2\"  >\n\t\t<div class=\"col-inner\"  >\n\t\t\t\n\t\t\t\n\n\n\t\t<\/div>\n\t\t\t<\/div>\n\n\t\n\n\t<div id=\"col-1392694865\" class=\"col medium-2 small-6 large-2\"  >\n\t\t<div class=\"col-inner\"  >\n\t\t\t\n\t\t\t\n\n\n\t\t<\/div>\n\t\t\t<\/div>\n\n\t\n\n\n<style>\n#row-398593581 > .col > .col-inner {\n  padding: 10px 10px 10px 10px;\n}\n<\/style>\n<\/div>\n\t<div id=\"gap-1705020715\" class=\"gap-element clearfix\" style=\"display:block; height:auto;\">\n\t\t\n<style>\n#gap-1705020715 {\n  padding-top: 40px;\n}\n<\/style>\n\t<\/div>\n\t\n\n\n\n<p><\/p>\n","protected":false},"excerpt":{"rendered":"","protected":false},"author":4,"featured_media":0,"parent":0,"menu_order":0,"comment_status":"closed","ping_status":"closed","template":"page-blank.php","meta":{"footnotes":""},"class_list":["post-11147","page","type-page","status-publish","hentry"],"_links":{"self":[{"href":"https:\/\/www.trendstonebrick.com\/en\/wp-json\/wp\/v2\/pages\/11147","targetHints":{"allow":["GET"]}}],"collection":[{"href":"https:\/\/www.trendstonebrick.com\/en\/wp-json\/wp\/v2\/pages"}],"about":[{"href":"https:\/\/www.trendstonebrick.com\/en\/wp-json\/wp\/v2\/types\/page"}],"author":[{"embeddable":true,"href":"https:\/\/www.trendstonebrick.com\/en\/wp-json\/wp\/v2\/users\/4"}],"replies":[{"embeddable":true,"href":"https:\/\/www.trendstonebrick.com\/en\/wp-json\/wp\/v2\/comments?post=11147"}],"version-history":[{"count":2,"href":"https:\/\/www.trendstonebrick.com\/en\/wp-json\/wp\/v2\/pages\/11147\/revisions"}],"predecessor-version":[{"id":11150,"href":"https:\/\/www.trendstonebrick.com\/en\/wp-json\/wp\/v2\/pages\/11147\/revisions\/11150"}],"wp:attachment":[{"href":"https:\/\/www.trendstonebrick.com\/en\/wp-json\/wp\/v2\/media?parent=11147"}],"curies":[{"name":"wp","href":"https:\/\/api.w.org\/{rel}","templated":true}]}}